{"id":1380,"date":"2021-04-30T12:10:37","date_gmt":"2021-04-30T17:10:37","guid":{"rendered":"https:\/\/democraciaenriesgo.com\/?page_id=1380"},"modified":"2021-06-15T12:35:34","modified_gmt":"2021-06-15T17:35:34","slug":"campana-ctp","status":"publish","type":"page","link":"https:\/\/democraciaenriesgo.com\/index.php\/recursos\/campana-ctp\/","title":{"rendered":"Campa\u00f1a CTP"},"content":{"rendered":"\t\t<div data-elementor-type=\"wp-page\" data-elementor-id=\"1380\" class=\"elementor elementor-1380\" data-elementor-settings=\"[]\">\n\t\t\t\t\t\t\t<div class=\"elementor-section-wrap\">\n\t\t\t\t\t\t\t<section class=\"elementor-section elementor-top-section elementor-element elementor-element-fb821d7 elementor-section-boxed elementor-section-height-default elementor-section-height-default\" data-id=\"fb821d7\" data-element_type=\"section\">\n\t\t\t\t\t\t<div class=\"elementor-container elementor-column-gap-default\">\n\t\t\t\t\t<div class=\"elementor-column elementor-col-100 elementor-top-column elementor-element elementor-element-93bd459\" data-id=\"93bd459\" data-element_type=\"column\">\n\t\t\t<div class=\"elementor-widget-wrap elementor-element-populated\">\n\t\t\t\t\t\t\t\t<section class=\"elementor-section elementor-inner-section elementor-element elementor-element-6ac488e elementor-section-boxed elementor-section-height-default elementor-section-height-default\" data-id=\"6ac488e\" data-element_type=\"section\">\n\t\t\t\t\t\t<div class=\"elementor-container elementor-column-gap-default\">\n\t\t\t\t\t<div class=\"elementor-column elementor-col-50 elementor-inner-column elementor-element elementor-element-3c8e69c\" data-id=\"3c8e69c\" data-element_type=\"column\">\n\t\t\t<div class=\"elementor-widget-wrap elementor-element-populated\">\n\t\t\t\t\t\t\t\t<div class=\"elementor-element elementor-element-3317dcb elementor-widget elementor-widget-heading\" data-id=\"3317dcb\" data-element_type=\"widget\" data-widget_type=\"heading.default\">\n\t\t\t\t<div class=\"elementor-widget-container\">\n\t\t\t<h2 class=\"elementor-heading-title elementor-size-default\">Campa\u00f1a Consejos Territoriales de Planeaci\u00f3n (CTP)<\/h2>\t\t<\/div>\n\t\t\t\t<\/div>\n\t\t\t\t<div class=\"elementor-element elementor-element-8e89045 elementor-widget-divider--view-line elementor-widget elementor-widget-divider\" data-id=\"8e89045\" data-element_type=\"widget\" data-widget_type=\"divider.default\">\n\t\t\t\t<div class=\"elementor-widget-container\">\n\t\t\t\t\t<div class=\"elementor-divider\">\n\t\t\t<span class=\"elementor-divider-separator\">\n\t\t\t\t\t\t<\/span>\n\t\t<\/div>\n\t\t\t\t<\/div>\n\t\t\t\t<\/div>\n\t\t\t\t\t<\/div>\n\t\t<\/div>\n\t\t\t\t<div class=\"elementor-column elementor-col-50 elementor-inner-column elementor-element elementor-element-67054c6\" data-id=\"67054c6\" data-element_type=\"column\">\n\t\t\t<div class=\"elementor-widget-wrap elementor-element-populated\">\n\t\t\t\t\t\t\t\t<div class=\"elementor-element elementor-element-d08a81b elementor-arrows-position-inside elementor-pagination-position-outside elementor-widget elementor-widget-image-carousel\" data-id=\"d08a81b\" data-element_type=\"widget\" data-settings=\"{&quot;slides_to_show&quot;:&quot;1&quot;,&quot;navigation&quot;:&quot;both&quot;,&quot;autoplay&quot;:&quot;yes&quot;,&quot;pause_on_hover&quot;:&quot;yes&quot;,&quot;pause_on_interaction&quot;:&quot;yes&quot;,&quot;autoplay_speed&quot;:5000,&quot;infinite&quot;:&quot;yes&quot;,&quot;effect&quot;:&quot;slide&quot;,&quot;speed&quot;:500}\" data-widget_type=\"image-carousel.default\">\n\t\t\t\t<div class=\"elementor-widget-container\">\n\t\t\t\t\t<div class=\"elementor-image-carousel-wrapper swiper-container\" dir=\"ltr\">\n\t\t\t<div class=\"elementor-image-carousel swiper-wrapper swiper-image-stretch\">\n\t\t\t\t<div class=\"swiper-slide\"><a data-elementor-open-lightbox=\"yes\" data-elementor-lightbox-slideshow=\"d08a81b\" data-elementor-lightbox-title=\"Campa\u00f1a CTP 1\" data-elementor-lightbox-description=\"Campa\u00f1a CTP 1\" href=\"https:\/\/democraciaenriesgo.com\/wp-content\/uploads\/2021\/04\/Campana-CTP-1.jpg\"><figure class=\"swiper-slide-inner\"><img class=\"swiper-slide-image\" src=\"https:\/\/i0.wp.com\/democraciaenriesgo.com\/wp-content\/uploads\/2021\/04\/Campana-CTP-1.jpg?fit=900%2C901&amp;ssl=1\" alt=\"Campa\u00f1a CTP 1\" \/><\/figure><\/a><\/div><div class=\"swiper-slide\"><a data-elementor-open-lightbox=\"yes\" data-elementor-lightbox-slideshow=\"d08a81b\" data-elementor-lightbox-title=\"Campa\u00f1a CTP 2\" data-elementor-lightbox-description=\"Campa\u00f1a CTP 2\" href=\"https:\/\/democraciaenriesgo.com\/wp-content\/uploads\/2021\/04\/Campana-CTP-2.jpg\"><figure class=\"swiper-slide-inner\"><img class=\"swiper-slide-image\" src=\"https:\/\/i0.wp.com\/democraciaenriesgo.com\/wp-content\/uploads\/2021\/04\/Campana-CTP-2.jpg?fit=1024%2C1024&amp;ssl=1\" alt=\"Campa\u00f1a CTP 2\" \/><\/figure><\/a><\/div><div class=\"swiper-slide\"><a data-elementor-open-lightbox=\"yes\" data-elementor-lightbox-slideshow=\"d08a81b\" data-elementor-lightbox-title=\"Campa\u00f1a CTP 3\" data-elementor-lightbox-description=\"Campa\u00f1a CTP 3\" href=\"https:\/\/democraciaenriesgo.com\/wp-content\/uploads\/2021\/04\/Campana-CTP-3.jpeg\"><figure class=\"swiper-slide-inner\"><img class=\"swiper-slide-image\" src=\"https:\/\/i0.wp.com\/democraciaenriesgo.com\/wp-content\/uploads\/2021\/04\/Campana-CTP-3.jpeg?fit=1024%2C1024&amp;ssl=1\" alt=\"Campa\u00f1a CTP 3\" \/><\/figure><\/a><\/div><div class=\"swiper-slide\"><a data-elementor-open-lightbox=\"yes\" data-elementor-lightbox-slideshow=\"d08a81b\" data-elementor-lightbox-title=\"Campa\u00f1a CTP 4\" data-elementor-lightbox-description=\"Campa\u00f1a CTP 4\" href=\"https:\/\/democraciaenriesgo.com\/wp-content\/uploads\/2021\/04\/Campana-CTP-4.jpeg\"><figure class=\"swiper-slide-inner\"><img class=\"swiper-slide-image\" src=\"https:\/\/i2.wp.com\/democraciaenriesgo.com\/wp-content\/uploads\/2021\/04\/Campana-CTP-4.jpeg?fit=1024%2C1024&amp;ssl=1\" alt=\"Campa\u00f1a CTP 4\" \/><\/figure><\/a><\/div>\t\t\t<\/div>\n\t\t\t\t\t\t\t\t\t\t\t\t<div class=\"swiper-pagination\"><\/div>\n\t\t\t\t\t\t\t\t\t\t\t\t\t<div class=\"elementor-swiper-button elementor-swiper-button-prev\">\n\t\t\t\t\t\t<i class=\"eicon-chevron-left\" aria-hidden=\"true\"><\/i>\n\t\t\t\t\t\t<span class=\"elementor-screen-only\">Anterior<\/span>\n\t\t\t\t\t<\/div>\n\t\t\t\t\t<div class=\"elementor-swiper-button elementor-swiper-button-next\">\n\t\t\t\t\t\t<i class=\"eicon-chevron-right\" aria-hidden=\"true\"><\/i>\n\t\t\t\t\t\t<span class=\"elementor-screen-only\">Siguiente<\/span>\n\t\t\t\t\t<\/div>\n\t\t\t\t\t\t\t\t\t<\/div>\n\t\t\t\t<\/div>\n\t\t\t\t<\/div>\n\t\t\t\t<div class=\"elementor-element elementor-element-d6f02b5 elementor-button-warning elementor-align-center elementor-widget elementor-widget-button\" data-id=\"d6f02b5\" data-element_type=\"widget\" data-widget_type=\"button.default\">\n\t\t\t\t<div class=\"elementor-widget-container\">\n\t\t\t\t\t<div class=\"elementor-button-wrapper\">\n\t\t\t<a href=\"https:\/\/democraciaenriesgo.com\/index.php\/riesgos-democraticos\/alerta-participacion-planes-desarrollo\/\" target=\"_blank\" class=\"elementor-button-link elementor-button elementor-size-sm elementor-animation-shrink\" role=\"button\">\n\t\t\t\t\t\t<span class=\"elementor-button-content-wrapper\">\n\t\t\t\t\t\t<span class=\"elementor-button-text\">Informaci\u00f3n sobre la Alerta Participaci\u00f3n en los planes de desarrollo<\/span>\n\t\t<\/span>\n\t\t\t\t\t<\/a>\n\t\t<\/div>\n\t\t\t\t<\/div>\n\t\t\t\t<\/div>\n\t\t\t\t\t<\/div>\n\t\t<\/div>\n\t\t\t\t\t\t\t<\/div>\n\t\t<\/section>\n\t\t\t\t\t<\/div>\n\t\t<\/div>\n\t\t\t\t\t\t\t<\/div>\n\t\t<\/section>\n\t\t\t\t\t\t<\/div>\n\t\t\t\t\t<\/div>\n\t\t","protected":false},"excerpt":{"rendered":"<p>Campa\u00f1a Consejos Territoriales de Planeaci\u00f3n (CTP) Anterior Siguiente Informaci\u00f3n sobre la Alerta Participaci\u00f3n en los planes de desarrollo<\/p>\n","protected":false},"author":1,"featured_media":0,"parent":752,"menu_order":0,"comment_status":"closed","ping_status":"closed","template":"page-templates\/template-pagebuilder-full-width.php","meta":{"neve_meta_sidebar":"full-width","neve_meta_container":"","neve_meta_enable_content_width":"on","neve_meta_content_width":100,"neve_meta_title_alignment":"","neve_meta_author_avatar":"","neve_post_elements_order":"","neve_meta_disable_header":"","neve_meta_disable_footer":"","neve_meta_disable_title":"","_ti_tpc_template_sync":false,"_ti_tpc_template_id":"","spay_email":""},"_links":{"self":[{"href":"https:\/\/democraciaenriesgo.com\/index.php\/wp-json\/wp\/v2\/pages\/1380"}],"collection":[{"href":"https:\/\/democraciaenriesgo.com\/index.php\/wp-json\/wp\/v2\/pages"}],"about":[{"href":"https:\/\/democraciaenriesgo.com\/index.php\/wp-json\/wp\/v2\/types\/page"}],"author":[{"embeddable":true,"href":"https:\/\/democraciaenriesgo.com\/index.php\/wp-json\/wp\/v2\/users\/1"}],"replies":[{"embeddable":true,"href":"https:\/\/democraciaenriesgo.com\/index.php\/wp-json\/wp\/v2\/comments?post=1380"}],"version-history":[{"count":13,"href":"https:\/\/democraciaenriesgo.com\/index.php\/wp-json\/wp\/v2\/pages\/1380\/revisions"}],"predecessor-version":[{"id":1734,"href":"https:\/\/democraciaenriesgo.com\/index.php\/wp-json\/wp\/v2\/pages\/1380\/revisions\/1734"}],"up":[{"embeddable":true,"href":"https:\/\/democraciaenriesgo.com\/index.php\/wp-json\/wp\/v2\/pages\/752"}],"wp:attachment":[{"href":"https:\/\/democraciaenriesgo.com\/index.php\/wp-json\/wp\/v2\/media?parent=1380"}],"curies":[{"name":"wp","href":"https:\/\/api.w.org\/{rel}","templated":true}]}}